{"id":262741,"date":"2019-06-13T09:29:32","date_gmt":"2019-06-13T07:29:32","guid":{"rendered":"https:\/\/www.elle.be\/fr\/?page_id=262741"},"modified":"2020-02-07T14:50:05","modified_gmt":"2020-02-07T13:50:05","slug":"gemeaux","status":"publish","type":"page","link":"https:\/\/www.elle.be\/fr\/horoscopes\/gemeaux","title":{"rendered":"Horoscope gemeaux"},"content":{"rendered":"","protected":false},"excerpt":{"rendered":"...","protected":false},"author":6,"featured_media":295539,"parent":232299,"menu_order":0,"comment_status":"closed","ping_status":"closed","template":"template-horoscope-2019.php","meta":{"_acf_changed":false,"footnotes":""},"class_list":["post-262741","page","type-page","status-publish","has-post-thumbnail","hentry"],"acf":[],"image_verticale":"295538","_yoast_wpseo_title":"Horoscope G\u00e9meaux du jour : D\u00e9couvrez ce qui vous attend aujourd'hui","_yoast_wpseo_metadesc":"L'horoscope G\u00e9meaux du jour avec les pr\u00e9visions en humeur, amour, argent, travail, famille, ... D\u00e9couvez ce qui vous attend aujourd'hui !","_yoast_wpseo_focuskw_text_input":null,"_yoast_wpseo_opengraph-title":null,"yoast_head":"<!-- This site is optimized with the Yoast SEO plugin v27.3 - https:\/\/yoast.com\/product\/yoast-seo-wordpress\/ -->\n<title>Horoscope G\u00e9meaux du jour : D\u00e9couvrez ce qui vous attend aujourd&#039;hui<\/title>\n<meta name=\"description\" content=\"L&#039;horoscope G\u00e9meaux du jour avec les pr\u00e9visions en humeur, amour, argent, travail, famille, ... D\u00e9couvez ce qui vous attend aujourd&#039;hui !\" \/>\n<meta name=\"robots\" content=\"index, follow, max-snippet:-1, max-image-preview:large, max-video-preview:-1\" \/>\n<link rel=\"canonical\" href=\"https:\/\/www.elle.be\/fr\/horoscopes\/gemeaux\" \/>\n<meta property=\"og:locale\" content=\"fr_FR\" \/>\n<meta property=\"og:type\" content=\"article\" \/>\n<meta property=\"og:title\" content=\"Horoscope G\u00e9meaux du jour : D\u00e9couvrez ce qui vous attend aujourd&#039;hui\" \/>\n<meta property=\"og:description\" content=\"L&#039;horoscope G\u00e9meaux du jour avec les pr\u00e9visions en humeur, amour, argent, travail, famille, ... D\u00e9couvez ce qui vous attend aujourd&#039;hui !\" \/>\n<meta property=\"og:url\" content=\"https:\/\/www.elle.be\/fr\/horoscopes\/gemeaux\" \/>\n<meta property=\"og:site_name\" content=\"ELLE.be\" \/>\n<meta property=\"article:publisher\" content=\"https:\/\/www.facebook.com\/ELLEbelgium\/\" \/>\n<meta property=\"article:modified_time\" content=\"2020-02-07T13:50:05+00:00\" \/>\n<meta property=\"og:image\" content=\"https:\/\/www.elle.be\/fr\/wp-content\/uploads\/2020\/02\/horoscope_fbcover_gemini.jpg\" \/>\n\t<meta property=\"og:image:width\" content=\"1200\" \/>\n\t<meta property=\"og:image:height\" content=\"628\" \/>\n\t<meta property=\"og:image:type\" content=\"image\/jpeg\" \/>\n<meta name=\"twitter:card\" content=\"summary_large_image\" \/>\n<meta name=\"twitter:site\" content=\"@ELLEBelgique\" \/>\n<script type=\"application\/ld+json\" class=\"yoast-schema-graph\">{\"@context\":\"https:\\\/\\\/schema.org\",\"@graph\":[{\"@type\":\"WebPage\",\"@id\":\"https:\\\/\\\/www.elle.be\\\/fr\\\/horoscopes\\\/gemeaux\",\"url\":\"https:\\\/\\\/www.elle.be\\\/fr\\\/horoscopes\\\/gemeaux\",\"name\":\"Horoscope G\u00e9meaux du jour : D\u00e9couvrez ce qui vous attend aujourd'hui\",\"isPartOf\":{\"@id\":\"https:\\\/\\\/www.elle.be\\\/fr\\\/#website\"},\"primaryImageOfPage\":{\"@id\":\"https:\\\/\\\/www.elle.be\\\/fr\\\/horoscopes\\\/gemeaux#primaryimage\"},\"image\":{\"@id\":\"https:\\\/\\\/www.elle.be\\\/fr\\\/horoscopes\\\/gemeaux#primaryimage\"},\"thumbnailUrl\":\"https:\\\/\\\/www.elle.be\\\/fr\\\/wp-content\\\/uploads\\\/2020\\\/02\\\/horoscope_fbcover_gemini.jpg\",\"datePublished\":\"2019-06-13T07:29:32+00:00\",\"dateModified\":\"2020-02-07T13:50:05+00:00\",\"description\":\"L'horoscope G\u00e9meaux du jour avec les pr\u00e9visions en humeur, amour, argent, travail, famille, ... D\u00e9couvez ce qui vous attend aujourd'hui !\",\"breadcrumb\":{\"@id\":\"https:\\\/\\\/www.elle.be\\\/fr\\\/horoscopes\\\/gemeaux#breadcrumb\"},\"inLanguage\":\"fr-FR\",\"potentialAction\":[{\"@type\":\"ReadAction\",\"target\":[\"https:\\\/\\\/www.elle.be\\\/fr\\\/horoscopes\\\/gemeaux\"]}]},{\"@type\":\"ImageObject\",\"inLanguage\":\"fr-FR\",\"@id\":\"https:\\\/\\\/www.elle.be\\\/fr\\\/horoscopes\\\/gemeaux#primaryimage\",\"url\":\"https:\\\/\\\/www.elle.be\\\/fr\\\/wp-content\\\/uploads\\\/2020\\\/02\\\/horoscope_fbcover_gemini.jpg\",\"contentUrl\":\"https:\\\/\\\/www.elle.be\\\/fr\\\/wp-content\\\/uploads\\\/2020\\\/02\\\/horoscope_fbcover_gemini.jpg\",\"width\":1200,\"height\":628,\"caption\":\"@ilenia_illustrations\"},{\"@type\":\"BreadcrumbList\",\"@id\":\"https:\\\/\\\/www.elle.be\\\/fr\\\/horoscopes\\\/gemeaux#breadcrumb\",\"itemListElement\":[{\"@type\":\"ListItem\",\"position\":1,\"name\":\"FR\",\"item\":\"https:\\\/\\\/www.elle.be\\\/fr\"},{\"@type\":\"ListItem\",\"position\":2,\"name\":\"Horoscope du jour : d\u00e9couvrez ce qui vous attend c\u00f4t\u00e9 c\u0153ur\",\"item\":\"https:\\\/\\\/www.elle.be\\\/fr\\\/horoscopes\"},{\"@type\":\"ListItem\",\"position\":3,\"name\":\"Horoscope gemeaux\"}]},{\"@type\":\"WebSite\",\"@id\":\"https:\\\/\\\/www.elle.be\\\/fr\\\/#website\",\"url\":\"https:\\\/\\\/www.elle.be\\\/fr\\\/\",\"name\":\"ELLE.be\",\"description\":\"Toutes les infos mode, beaut\u00e9 et lifestyle les plus pointues ainsi qu&#039;un contenu 100% belge d\u00e9clin\u00e9 \u00e0 360\u00b0sur le site ELLE.be, nos r\u00e9seaux sociaux et notre cha\u00eene Youtube.\",\"publisher\":{\"@id\":\"https:\\\/\\\/www.elle.be\\\/fr\\\/#organization\"},\"potentialAction\":[{\"@type\":\"SearchAction\",\"target\":{\"@type\":\"EntryPoint\",\"urlTemplate\":\"https:\\\/\\\/www.elle.be\\\/fr\\\/?s={search_term_string}\"},\"query-input\":{\"@type\":\"PropertyValueSpecification\",\"valueRequired\":true,\"valueName\":\"search_term_string\"}}],\"inLanguage\":\"fr-FR\"},{\"@type\":\"Organization\",\"@id\":\"https:\\\/\\\/www.elle.be\\\/fr\\\/#organization\",\"name\":\"ELLE Belgique\",\"url\":\"https:\\\/\\\/www.elle.be\\\/fr\\\/\",\"logo\":{\"@type\":\"ImageObject\",\"inLanguage\":\"fr-FR\",\"@id\":\"https:\\\/\\\/www.elle.be\\\/fr\\\/#\\\/schema\\\/logo\\\/image\\\/\",\"url\":\"https:\\\/\\\/www.elle.be\\\/fr\\\/wp-content\\\/uploads\\\/2017\\\/03\\\/elle-icon-200px.jpeg\",\"contentUrl\":\"https:\\\/\\\/www.elle.be\\\/fr\\\/wp-content\\\/uploads\\\/2017\\\/03\\\/elle-icon-200px.jpeg\",\"width\":200,\"height\":200,\"caption\":\"ELLE Belgique\"},\"image\":{\"@id\":\"https:\\\/\\\/www.elle.be\\\/fr\\\/#\\\/schema\\\/logo\\\/image\\\/\"},\"sameAs\":[\"https:\\\/\\\/www.facebook.com\\\/ELLEbelgium\\\/\",\"https:\\\/\\\/x.com\\\/ELLEBelgique\",\"http:\\\/\\\/instagram.com\\\/ellebelgique\\\/\",\"https:\\\/\\\/www.pinterest.com\\\/ellebelgique\\\/\",\"https:\\\/\\\/www.youtube.com\\\/user\\\/ELLEbelgique1\"]}]}<\/script>\n<!-- \/ Yoast SEO plugin. -->","yoast_head_json":{"title":"Horoscope G\u00e9meaux du jour : D\u00e9couvrez ce qui vous attend aujourd'hui","description":"L'horoscope G\u00e9meaux du jour avec les pr\u00e9visions en humeur, amour, argent, travail, famille, ... D\u00e9couvez ce qui vous attend aujourd'hui !","robots":{"index":"index","follow":"follow","max-snippet":"max-snippet:-1","max-image-preview":"max-image-preview:large","max-video-preview":"max-video-preview:-1"},"canonical":"https:\/\/www.elle.be\/fr\/horoscopes\/gemeaux","og_locale":"fr_FR","og_type":"article","og_title":"Horoscope G\u00e9meaux du jour : D\u00e9couvrez ce qui vous attend aujourd'hui","og_description":"L'horoscope G\u00e9meaux du jour avec les pr\u00e9visions en humeur, amour, argent, travail, famille, ... D\u00e9couvez ce qui vous attend aujourd'hui !","og_url":"https:\/\/www.elle.be\/fr\/horoscopes\/gemeaux","og_site_name":"ELLE.be","article_publisher":"https:\/\/www.facebook.com\/ELLEbelgium\/","article_modified_time":"2020-02-07T13:50:05+00:00","og_image":[{"width":1200,"height":628,"url":"https:\/\/www.elle.be\/fr\/wp-content\/uploads\/2020\/02\/horoscope_fbcover_gemini.jpg","type":"image\/jpeg"}],"twitter_card":"summary_large_image","twitter_site":"@ELLEBelgique","schema":{"@context":"https:\/\/schema.org","@graph":[{"@type":"WebPage","@id":"https:\/\/www.elle.be\/fr\/horoscopes\/gemeaux","url":"https:\/\/www.elle.be\/fr\/horoscopes\/gemeaux","name":"Horoscope G\u00e9meaux du jour : D\u00e9couvrez ce qui vous attend aujourd'hui","isPartOf":{"@id":"https:\/\/www.elle.be\/fr\/#website"},"primaryImageOfPage":{"@id":"https:\/\/www.elle.be\/fr\/horoscopes\/gemeaux#primaryimage"},"image":{"@id":"https:\/\/www.elle.be\/fr\/horoscopes\/gemeaux#primaryimage"},"thumbnailUrl":"https:\/\/www.elle.be\/fr\/wp-content\/uploads\/2020\/02\/horoscope_fbcover_gemini.jpg","datePublished":"2019-06-13T07:29:32+00:00","dateModified":"2020-02-07T13:50:05+00:00","description":"L'horoscope G\u00e9meaux du jour avec les pr\u00e9visions en humeur, amour, argent, travail, famille, ... D\u00e9couvez ce qui vous attend aujourd'hui !","breadcrumb":{"@id":"https:\/\/www.elle.be\/fr\/horoscopes\/gemeaux#breadcrumb"},"inLanguage":"fr-FR","potentialAction":[{"@type":"ReadAction","target":["https:\/\/www.elle.be\/fr\/horoscopes\/gemeaux"]}]},{"@type":"ImageObject","inLanguage":"fr-FR","@id":"https:\/\/www.elle.be\/fr\/horoscopes\/gemeaux#primaryimage","url":"https:\/\/www.elle.be\/fr\/wp-content\/uploads\/2020\/02\/horoscope_fbcover_gemini.jpg","contentUrl":"https:\/\/www.elle.be\/fr\/wp-content\/uploads\/2020\/02\/horoscope_fbcover_gemini.jpg","width":1200,"height":628,"caption":"@ilenia_illustrations"},{"@type":"BreadcrumbList","@id":"https:\/\/www.elle.be\/fr\/horoscopes\/gemeaux#breadcrumb","itemListElement":[{"@type":"ListItem","position":1,"name":"FR","item":"https:\/\/www.elle.be\/fr"},{"@type":"ListItem","position":2,"name":"Horoscope du jour : d\u00e9couvrez ce qui vous attend c\u00f4t\u00e9 c\u0153ur","item":"https:\/\/www.elle.be\/fr\/horoscopes"},{"@type":"ListItem","position":3,"name":"Horoscope gemeaux"}]},{"@type":"WebSite","@id":"https:\/\/www.elle.be\/fr\/#website","url":"https:\/\/www.elle.be\/fr\/","name":"ELLE.be","description":"Toutes les infos mode, beaut\u00e9 et lifestyle les plus pointues ainsi qu&#039;un contenu 100% belge d\u00e9clin\u00e9 \u00e0 360\u00b0sur le site ELLE.be, nos r\u00e9seaux sociaux et notre cha\u00eene Youtube.","publisher":{"@id":"https:\/\/www.elle.be\/fr\/#organization"},"potentialAction":[{"@type":"SearchAction","target":{"@type":"EntryPoint","urlTemplate":"https:\/\/www.elle.be\/fr\/?s={search_term_string}"},"query-input":{"@type":"PropertyValueSpecification","valueRequired":true,"valueName":"search_term_string"}}],"inLanguage":"fr-FR"},{"@type":"Organization","@id":"https:\/\/www.elle.be\/fr\/#organization","name":"ELLE Belgique","url":"https:\/\/www.elle.be\/fr\/","logo":{"@type":"ImageObject","inLanguage":"fr-FR","@id":"https:\/\/www.elle.be\/fr\/#\/schema\/logo\/image\/","url":"https:\/\/www.elle.be\/fr\/wp-content\/uploads\/2017\/03\/elle-icon-200px.jpeg","contentUrl":"https:\/\/www.elle.be\/fr\/wp-content\/uploads\/2017\/03\/elle-icon-200px.jpeg","width":200,"height":200,"caption":"ELLE Belgique"},"image":{"@id":"https:\/\/www.elle.be\/fr\/#\/schema\/logo\/image\/"},"sameAs":["https:\/\/www.facebook.com\/ELLEbelgium\/","https:\/\/x.com\/ELLEBelgique","http:\/\/instagram.com\/ellebelgique\/","https:\/\/www.pinterest.com\/ellebelgique\/","https:\/\/www.youtube.com\/user\/ELLEbelgique1"]}]}},"_links":{"self":[{"href":"https:\/\/www.elle.be\/fr\/wp-json\/wp\/v2\/pages\/262741","targetHints":{"allow":["GET"]}}],"collection":[{"href":"https:\/\/www.elle.be\/fr\/wp-json\/wp\/v2\/pages"}],"about":[{"href":"https:\/\/www.elle.be\/fr\/wp-json\/wp\/v2\/types\/page"}],"author":[{"embeddable":true,"href":"https:\/\/www.elle.be\/fr\/wp-json\/wp\/v2\/users\/6"}],"replies":[{"embeddable":true,"href":"https:\/\/www.elle.be\/fr\/wp-json\/wp\/v2\/comments?post=262741"}],"version-history":[{"count":2,"href":"https:\/\/www.elle.be\/fr\/wp-json\/wp\/v2\/pages\/262741\/revisions"}],"predecessor-version":[{"id":295540,"href":"https:\/\/www.elle.be\/fr\/wp-json\/wp\/v2\/pages\/262741\/revisions\/295540"}],"up":[{"embeddable":true,"href":"https:\/\/www.elle.be\/fr\/wp-json\/wp\/v2\/pages\/232299"}],"wp:featuredmedia":[{"embeddable":true,"href":"https:\/\/www.elle.be\/fr\/wp-json\/wp\/v2\/media\/295539"}],"wp:attachment":[{"href":"https:\/\/www.elle.be\/fr\/wp-json\/wp\/v2\/media?parent=262741"}],"curies":[{"name":"wp","href":"https:\/\/api.w.org\/{rel}","templated":true}]}}